{"id":810,"date":"2025-09-28T16:24:23","date_gmt":"2025-09-28T16:24:23","guid":{"rendered":"https:\/\/makssunmorics.lv\/tornakalns\/?post_type=product&#038;p=810"},"modified":"2025-12-06T15:06:31","modified_gmt":"2025-12-06T15:06:31","slug":"lasa-kundzes-pica","status":"publish","type":"product","link":"https:\/\/makssunmorics.lv\/tornakalns\/product\/lasa-kundzes-pica\/","title":{"rendered":"La\u0161a kundzes pica"},"content":{"rendered":"<p>Tom\u0101tu m\u0113rce, siers, lasis, kaperi, s\u012bpoli, kr\u0113jums, rukola.<\/p>\n","protected":false},"excerpt":{"rendered":"<p>Tom\u0101tu m\u0113rce, siers, lasis, kaperi, s\u012bpoli, kr\u0113jums, rukola.<\/p>\n","protected":false},"featured_media":2414,"comment_status":"open","ping_status":"closed","template":"","meta":{"_seopress_robots_primary_cat":"","_seopress_titles_title":"","_seopress_titles_desc":"","_seopress_robots_index":""},"product_brand":[],"product_cat":[38],"product_tag":[],"class_list":{"0":"post-810","1":"product","2":"type-product","3":"status-publish","4":"has-post-thumbnail","6":"product_cat-picas","8":"first","9":"instock","10":"shipping-taxable","11":"purchasable","12":"product-type-variable","13":"has-default-attributes"},"_links":{"self":[{"href":"https:\/\/makssunmorics.lv\/tornakalns\/wp-json\/wp\/v2\/product\/810","targetHints":{"allow":["GET"]}}],"collection":[{"href":"https:\/\/makssunmorics.lv\/tornakalns\/wp-json\/wp\/v2\/product"}],"about":[{"href":"https:\/\/makssunmorics.lv\/tornakalns\/wp-json\/wp\/v2\/types\/product"}],"replies":[{"embeddable":true,"href":"https:\/\/makssunmorics.lv\/tornakalns\/wp-json\/wp\/v2\/comments?post=810"}],"wp:featuredmedia":[{"embeddable":true,"href":"https:\/\/makssunmorics.lv\/tornakalns\/wp-json\/wp\/v2\/media\/2414"}],"wp:attachment":[{"href":"https:\/\/makssunmorics.lv\/tornakalns\/wp-json\/wp\/v2\/media?parent=810"}],"wp:term":[{"taxonomy":"product_brand","embeddable":true,"href":"https:\/\/makssunmorics.lv\/tornakalns\/wp-json\/wp\/v2\/product_brand?post=810"},{"taxonomy":"product_cat","embeddable":true,"href":"https:\/\/makssunmorics.lv\/tornakalns\/wp-json\/wp\/v2\/product_cat?post=810"},{"taxonomy":"product_tag","embeddable":true,"href":"https:\/\/makssunmorics.lv\/tornakalns\/wp-json\/wp\/v2\/product_tag?post=810"}],"curies":[{"name":"wp","href":"https:\/\/api.w.org\/{rel}","templated":true}]}}