{"id":921,"date":"2025-09-29T08:40:50","date_gmt":"2025-09-29T08:40:50","guid":{"rendered":"https:\/\/makssunmorics.lv\/teika\/?post_type=product&#038;p=921"},"modified":"2025-09-29T08:41:57","modified_gmt":"2025-09-29T08:41:57","slug":"pesto-pica","status":"publish","type":"product","link":"https:\/\/makssunmorics.lv\/teika\/product\/pesto-pica\/","title":{"rendered":"Pesto pica"},"content":{"rendered":"<p>Tom\u0101tu m\u0113rce, siers, grauzd\u0113tas \u0137irbju s\u0113klas, pesto.<\/p>\n","protected":false},"excerpt":{"rendered":"<p>Tom\u0101tu m\u0113rce, siers, grauzd\u0113tas \u0137irbju s\u0113klas, pesto.<\/p>\n","protected":false},"featured_media":925,"comment_status":"open","ping_status":"closed","template":"","meta":[],"product_brand":[],"product_cat":[38],"product_tag":[],"class_list":{"0":"post-921","1":"product","2":"type-product","3":"status-publish","4":"has-post-thumbnail","6":"product_cat-picas","8":"first","9":"instock","10":"taxable","11":"shipping-taxable","12":"purchasable","13":"product-type-variable","14":"has-default-attributes"},"_links":{"self":[{"href":"https:\/\/makssunmorics.lv\/teika\/wp-json\/wp\/v2\/product\/921","targetHints":{"allow":["GET"]}}],"collection":[{"href":"https:\/\/makssunmorics.lv\/teika\/wp-json\/wp\/v2\/product"}],"about":[{"href":"https:\/\/makssunmorics.lv\/teika\/wp-json\/wp\/v2\/types\/product"}],"replies":[{"embeddable":true,"href":"https:\/\/makssunmorics.lv\/teika\/wp-json\/wp\/v2\/comments?post=921"}],"wp:featuredmedia":[{"embeddable":true,"href":"https:\/\/makssunmorics.lv\/teika\/wp-json\/wp\/v2\/media\/925"}],"wp:attachment":[{"href":"https:\/\/makssunmorics.lv\/teika\/wp-json\/wp\/v2\/media?parent=921"}],"wp:term":[{"taxonomy":"product_brand","embeddable":true,"href":"https:\/\/makssunmorics.lv\/teika\/wp-json\/wp\/v2\/product_brand?post=921"},{"taxonomy":"product_cat","embeddable":true,"href":"https:\/\/makssunmorics.lv\/teika\/wp-json\/wp\/v2\/product_cat?post=921"},{"taxonomy":"product_tag","embeddable":true,"href":"https:\/\/makssunmorics.lv\/teika\/wp-json\/wp\/v2\/product_tag?post=921"}],"curies":[{"name":"wp","href":"https:\/\/api.w.org\/{rel}","templated":true}]}}