{"id":788,"date":"2025-09-28T15:49:25","date_gmt":"2025-09-28T15:49:25","guid":{"rendered":"https:\/\/makssunmorics.lv\/teika\/?post_type=product&#038;p=788"},"modified":"2025-11-26T11:22:03","modified_gmt":"2025-11-26T11:22:03","slug":"bbq-pica","status":"publish","type":"product","link":"https:\/\/makssunmorics.lv\/teika\/product\/bbq-pica\/","title":{"rendered":"BBQ pica"},"content":{"rendered":"<p>Tom\u0101tu m\u0113rce, k\u016bpin\u0101ta vista, kukur\u016bza, s\u012bpoli, marin\u0113ti gur\u0137i, siers.<\/p>\n","protected":false},"excerpt":{"rendered":"<p>Tom\u0101tu m\u0113rce, k\u016bpin\u0101ta vista, kukur\u016bza, s\u012bpoli, marin\u0113ti gur\u0137i, siers.<\/p>\n","protected":false},"featured_media":789,"comment_status":"open","ping_status":"closed","template":"","meta":[],"product_brand":[],"product_cat":[38],"product_tag":[],"class_list":{"0":"post-788","1":"product","2":"type-product","3":"status-publish","4":"has-post-thumbnail","6":"product_cat-picas","8":"first","9":"instock","10":"taxable","11":"shipping-taxable","12":"purchasable","13":"product-type-variable"},"_links":{"self":[{"href":"https:\/\/makssunmorics.lv\/teika\/wp-json\/wp\/v2\/product\/788","targetHints":{"allow":["GET"]}}],"collection":[{"href":"https:\/\/makssunmorics.lv\/teika\/wp-json\/wp\/v2\/product"}],"about":[{"href":"https:\/\/makssunmorics.lv\/teika\/wp-json\/wp\/v2\/types\/product"}],"replies":[{"embeddable":true,"href":"https:\/\/makssunmorics.lv\/teika\/wp-json\/wp\/v2\/comments?post=788"}],"wp:featuredmedia":[{"embeddable":true,"href":"https:\/\/makssunmorics.lv\/teika\/wp-json\/wp\/v2\/media\/789"}],"wp:attachment":[{"href":"https:\/\/makssunmorics.lv\/teika\/wp-json\/wp\/v2\/media?parent=788"}],"wp:term":[{"taxonomy":"product_brand","embeddable":true,"href":"https:\/\/makssunmorics.lv\/teika\/wp-json\/wp\/v2\/product_brand?post=788"},{"taxonomy":"product_cat","embeddable":true,"href":"https:\/\/makssunmorics.lv\/teika\/wp-json\/wp\/v2\/product_cat?post=788"},{"taxonomy":"product_tag","embeddable":true,"href":"https:\/\/makssunmorics.lv\/teika\/wp-json\/wp\/v2\/product_tag?post=788"}],"curies":[{"name":"wp","href":"https:\/\/api.w.org\/{rel}","templated":true}]}}