{"id":751,"date":"2025-09-26T14:27:46","date_gmt":"2025-09-26T14:27:46","guid":{"rendered":"https:\/\/makssunmorics.lv\/teika\/?post_type=product&#038;p=751"},"modified":"2025-11-26T09:49:40","modified_gmt":"2025-11-26T09:49:40","slug":"dubajas-pica","status":"publish","type":"product","link":"https:\/\/makssunmorics.lv\/teika\/product\/dubajas-pica\/","title":{"rendered":"Dubajas pica"},"content":{"rendered":"<p>\u0100bolu biezenis, bumbieru \u0161\u0137\u0113l\u012btes, grauzd\u0113tas pist\u0101cijas, Holandes siers, Dor blu siers, tum\u0161\u0101s \u0161okol\u0101des m\u0113rce.<\/p>\n","protected":false},"excerpt":{"rendered":"<p>\u0100bolu biezenis, bumbieru \u0161\u0137\u0113l\u012btes, grauzd\u0113tas pist\u0101cijas, Holandes siers, Dor blu siers, tum\u0161\u0101s \u0161okol\u0101des m\u0113rce.<\/p>\n","protected":false},"featured_media":752,"comment_status":"open","ping_status":"closed","template":"","meta":[],"product_brand":[],"product_cat":[38],"product_tag":[],"class_list":{"0":"post-751","1":"product","2":"type-product","3":"status-publish","4":"has-post-thumbnail","6":"product_cat-picas","8":"first","9":"instock","10":"taxable","11":"shipping-taxable","12":"purchasable","13":"product-type-variable","14":"has-default-attributes"},"_links":{"self":[{"href":"https:\/\/makssunmorics.lv\/teika\/wp-json\/wp\/v2\/product\/751","targetHints":{"allow":["GET"]}}],"collection":[{"href":"https:\/\/makssunmorics.lv\/teika\/wp-json\/wp\/v2\/product"}],"about":[{"href":"https:\/\/makssunmorics.lv\/teika\/wp-json\/wp\/v2\/types\/product"}],"replies":[{"embeddable":true,"href":"https:\/\/makssunmorics.lv\/teika\/wp-json\/wp\/v2\/comments?post=751"}],"wp:featuredmedia":[{"embeddable":true,"href":"https:\/\/makssunmorics.lv\/teika\/wp-json\/wp\/v2\/media\/752"}],"wp:attachment":[{"href":"https:\/\/makssunmorics.lv\/teika\/wp-json\/wp\/v2\/media?parent=751"}],"wp:term":[{"taxonomy":"product_brand","embeddable":true,"href":"https:\/\/makssunmorics.lv\/teika\/wp-json\/wp\/v2\/product_brand?post=751"},{"taxonomy":"product_cat","embeddable":true,"href":"https:\/\/makssunmorics.lv\/teika\/wp-json\/wp\/v2\/product_cat?post=751"},{"taxonomy":"product_tag","embeddable":true,"href":"https:\/\/makssunmorics.lv\/teika\/wp-json\/wp\/v2\/product_tag?post=751"}],"curies":[{"name":"wp","href":"https:\/\/api.w.org\/{rel}","templated":true}]}}