{"id":2294,"date":"2025-11-14T11:56:19","date_gmt":"2025-11-14T11:56:19","guid":{"rendered":"https:\/\/makssunmorics.lv\/teika\/?post_type=product&#038;p=2294"},"modified":"2025-11-14T12:10:33","modified_gmt":"2025-11-14T12:10:33","slug":"hawaii-pica","status":"publish","type":"product","link":"https:\/\/makssunmorics.lv\/teika\/product\/hawaii-pica\/","title":{"rendered":"Hawaii pica"},"content":{"rendered":"<p id=\"product-description\" class=\"derkm51 d733ctu\">Tom\u0101tu m\u0113rce, siers, \u0161\u0137i\u0146\u0137is, anan\u0101si.<\/p>\n<div class=\"bucexl4\"><button class=\"s1lm54db cbc_TextButton_rootCss_8d2\" hidden=\"\" type=\"button\" data-font-family=\"default\" data-prevent-text-wrap=\"\" data-size=\"medium\" data-variant=\"brand\" aria-controls=\"product-description\" aria-expanded=\"false\">r\u0101d\u012bt vair\u0101k<\/button><\/div>\n","protected":false},"excerpt":{"rendered":"<p>Tom\u0101tu m\u0113rce, siers, \u0161\u0137i\u0146\u0137is, anan\u0101si. r\u0101d\u012bt vair\u0101k<\/p>\n","protected":false},"featured_media":2298,"comment_status":"open","ping_status":"closed","template":"","meta":[],"product_brand":[],"product_cat":[38],"product_tag":[],"class_list":{"0":"post-2294","1":"product","2":"type-product","3":"status-publish","4":"has-post-thumbnail","6":"product_cat-picas","8":"first","9":"instock","10":"taxable","11":"shipping-taxable","12":"purchasable","13":"product-type-variable","14":"has-default-attributes"},"_links":{"self":[{"href":"https:\/\/makssunmorics.lv\/teika\/wp-json\/wp\/v2\/product\/2294","targetHints":{"allow":["GET"]}}],"collection":[{"href":"https:\/\/makssunmorics.lv\/teika\/wp-json\/wp\/v2\/product"}],"about":[{"href":"https:\/\/makssunmorics.lv\/teika\/wp-json\/wp\/v2\/types\/product"}],"replies":[{"embeddable":true,"href":"https:\/\/makssunmorics.lv\/teika\/wp-json\/wp\/v2\/comments?post=2294"}],"wp:featuredmedia":[{"embeddable":true,"href":"https:\/\/makssunmorics.lv\/teika\/wp-json\/wp\/v2\/media\/2298"}],"wp:attachment":[{"href":"https:\/\/makssunmorics.lv\/teika\/wp-json\/wp\/v2\/media?parent=2294"}],"wp:term":[{"taxonomy":"product_brand","embeddable":true,"href":"https:\/\/makssunmorics.lv\/teika\/wp-json\/wp\/v2\/product_brand?post=2294"},{"taxonomy":"product_cat","embeddable":true,"href":"https:\/\/makssunmorics.lv\/teika\/wp-json\/wp\/v2\/product_cat?post=2294"},{"taxonomy":"product_tag","embeddable":true,"href":"https:\/\/makssunmorics.lv\/teika\/wp-json\/wp\/v2\/product_tag?post=2294"}],"curies":[{"name":"wp","href":"https:\/\/api.w.org\/{rel}","templated":true}]}}