{"id":1797,"date":"2025-10-10T07:47:59","date_gmt":"2025-10-10T07:47:59","guid":{"rendered":"https:\/\/makssunmorics.lv\/teika\/?post_type=product&#038;p=1797"},"modified":"2025-10-10T07:48:38","modified_gmt":"2025-10-10T07:48:38","slug":"ieriku-ielas-komplekts","status":"publish","type":"product","link":"https:\/\/makssunmorics.lv\/teika\/product\/ieriku-ielas-komplekts\/","title":{"rendered":"Ieri\u0137u ielas komplekts"},"content":{"rendered":"<p>Margarita (40cm) + Salami (40cm) + \u0160\u0137i\u0146\u0137a (40cm) + 2x Coca Cola 1l<\/p>\n","protected":false},"excerpt":{"rendered":"<p>Margarita (40cm) + Salami (40cm) + \u0160\u0137i\u0146\u0137a (40cm) + 2x Coca Cola 1l<\/p>\n","protected":false},"featured_media":1798,"comment_status":"open","ping_status":"closed","template":"","meta":[],"product_brand":[],"product_cat":[41],"product_tag":[],"class_list":{"0":"post-1797","1":"product","2":"type-product","3":"status-publish","4":"has-post-thumbnail","6":"product_cat-akcijas","8":"first","9":"instock","10":"taxable","11":"shipping-taxable","12":"purchasable","13":"product-type-simple"},"_links":{"self":[{"href":"https:\/\/makssunmorics.lv\/teika\/wp-json\/wp\/v2\/product\/1797","targetHints":{"allow":["GET"]}}],"collection":[{"href":"https:\/\/makssunmorics.lv\/teika\/wp-json\/wp\/v2\/product"}],"about":[{"href":"https:\/\/makssunmorics.lv\/teika\/wp-json\/wp\/v2\/types\/product"}],"replies":[{"embeddable":true,"href":"https:\/\/makssunmorics.lv\/teika\/wp-json\/wp\/v2\/comments?post=1797"}],"wp:featuredmedia":[{"embeddable":true,"href":"https:\/\/makssunmorics.lv\/teika\/wp-json\/wp\/v2\/media\/1798"}],"wp:attachment":[{"href":"https:\/\/makssunmorics.lv\/teika\/wp-json\/wp\/v2\/media?parent=1797"}],"wp:term":[{"taxonomy":"product_brand","embeddable":true,"href":"https:\/\/makssunmorics.lv\/teika\/wp-json\/wp\/v2\/product_brand?post=1797"},{"taxonomy":"product_cat","embeddable":true,"href":"https:\/\/makssunmorics.lv\/teika\/wp-json\/wp\/v2\/product_cat?post=1797"},{"taxonomy":"product_tag","embeddable":true,"href":"https:\/\/makssunmorics.lv\/teika\/wp-json\/wp\/v2\/product_tag?post=1797"}],"curies":[{"name":"wp","href":"https:\/\/api.w.org\/{rel}","templated":true}]}}