{"id":1795,"date":"2025-10-10T07:46:21","date_gmt":"2025-10-10T07:46:21","guid":{"rendered":"https:\/\/makssunmorics.lv\/teika\/?post_type=product&#038;p=1795"},"modified":"2025-10-10T07:47:07","modified_gmt":"2025-10-10T07:47:07","slug":"bikernieku-ielas-komplekts","status":"publish","type":"product","link":"https:\/\/makssunmorics.lv\/teika\/product\/bikernieku-ielas-komplekts\/","title":{"rendered":"Bi\u0137ernieku ielas komplekts"},"content":{"rendered":"<pre>\u0100z\u012b\u0161a (40cm) Salami (40cm) Hawaii (40cm) Morica (40cm) Ve\u0123et\u0101rie\u0161u (40 cm) + 3x Coca Cola 1l<\/pre>\n","protected":false},"excerpt":{"rendered":"<p>\u0100z\u012b\u0161a (40cm) Salami (40cm) Hawaii (40cm) Morica (40cm) Ve\u0123et\u0101rie\u0161u (40 cm) + 3x Coca Cola 1l<\/p>\n","protected":false},"featured_media":1796,"comment_status":"open","ping_status":"closed","template":"","meta":[],"product_brand":[],"product_cat":[41],"product_tag":[],"class_list":{"0":"post-1795","1":"product","2":"type-product","3":"status-publish","4":"has-post-thumbnail","6":"product_cat-akcijas","8":"first","9":"instock","10":"taxable","11":"shipping-taxable","12":"purchasable","13":"product-type-simple"},"_links":{"self":[{"href":"https:\/\/makssunmorics.lv\/teika\/wp-json\/wp\/v2\/product\/1795","targetHints":{"allow":["GET"]}}],"collection":[{"href":"https:\/\/makssunmorics.lv\/teika\/wp-json\/wp\/v2\/product"}],"about":[{"href":"https:\/\/makssunmorics.lv\/teika\/wp-json\/wp\/v2\/types\/product"}],"replies":[{"embeddable":true,"href":"https:\/\/makssunmorics.lv\/teika\/wp-json\/wp\/v2\/comments?post=1795"}],"wp:featuredmedia":[{"embeddable":true,"href":"https:\/\/makssunmorics.lv\/teika\/wp-json\/wp\/v2\/media\/1796"}],"wp:attachment":[{"href":"https:\/\/makssunmorics.lv\/teika\/wp-json\/wp\/v2\/media?parent=1795"}],"wp:term":[{"taxonomy":"product_brand","embeddable":true,"href":"https:\/\/makssunmorics.lv\/teika\/wp-json\/wp\/v2\/product_brand?post=1795"},{"taxonomy":"product_cat","embeddable":true,"href":"https:\/\/makssunmorics.lv\/teika\/wp-json\/wp\/v2\/product_cat?post=1795"},{"taxonomy":"product_tag","embeddable":true,"href":"https:\/\/makssunmorics.lv\/teika\/wp-json\/wp\/v2\/product_tag?post=1795"}],"curies":[{"name":"wp","href":"https:\/\/api.w.org\/{rel}","templated":true}]}}